{"id":6409,"date":"2023-10-24T17:09:37","date_gmt":"2023-10-24T15:09:37","guid":{"rendered":"https:\/\/labo.eus\/?page_id=6409"},"modified":"2023-11-19T09:36:56","modified_gmt":"2023-11-19T08:36:56","slug":"labo-xl5-sarrerak-%c2%b7-entradas","status":"publish","type":"page","link":"https:\/\/labo.eus\/?page_id=6409","title":{"rendered":"Sarrerak eta izen-emateak \u00b7 Entradas e inscripciones"},"content":{"rendered":"\n<p><strong>LABO XL5 Sarrerak eta izen-emateak \u00b7 Entradas e inscripciones<\/strong><\/p>\n\n\n\n<figure class=\"wp-block-table is-style-stripes\"><table class=\"has-background\" style=\"background-color:#ffce03\"><tbody><tr><td><img loading=\"lazy\" decoding=\"async\" width=\"500\" height=\"500\" class=\"wp-image-6410\" style=\"width: 500px;\" src=\"https:\/\/labo.eus\/wp-content\/uploads\/2023\/10\/LABOXL5-Sarrerak1.png\" alt=\"\" srcset=\"https:\/\/labo.eus\/wp-content\/uploads\/2023\/10\/LABOXL5-Sarrerak1.png 500w, https:\/\/labo.eus\/wp-content\/uploads\/2023\/10\/LABOXL5-Sarrerak1-300x300.png 300w, https:\/\/labo.eus\/wp-content\/uploads\/2023\/10\/LABOXL5-Sarrerak1-150x150.png 150w\" sizes=\"auto, (max-width: 500px) 100vw, 500px\" \/><\/td><td>Ikuskizun gehienak eta jarduera guztiak doakoak dira. Sarrera librea izango da tokiak bete arte. <\/td><\/tr><tr><td><\/td><td>La mayor\u00eda de los espect\u00e1culos y todas las actividades son gratuitos. La entrada ser\u00e1 libre hasta completar aforo. <\/td><\/tr><tr><td><img loading=\"lazy\" decoding=\"async\" width=\"500\" height=\"500\" class=\"wp-image-6411\" style=\"width: 500px;\" src=\"https:\/\/labo.eus\/wp-content\/uploads\/2023\/10\/LABOXL5-Sarrerak2.png\" alt=\"\" srcset=\"https:\/\/labo.eus\/wp-content\/uploads\/2023\/10\/LABOXL5-Sarrerak2.png 500w, https:\/\/labo.eus\/wp-content\/uploads\/2023\/10\/LABOXL5-Sarrerak2-300x300.png 300w, https:\/\/labo.eus\/wp-content\/uploads\/2023\/10\/LABOXL5-Sarrerak2-150x150.png 150w\" sizes=\"auto, (max-width: 500px) 100vw, 500px\" \/><\/td><td>Aurten \u00abLABO Lagunak\u00bb ekimena jarri dugu martxan. 20 euroko tarifa finko bakar baten truke jaialdiko ikuskizun guztietarako sarbidea izango duzu, jaialdiari berari laguntzeaz gain.<\/td><\/tr><tr><td><\/td><td>Este a\u00f1o ponemos en marcha la iniciativa \u00abLABO Lagunak\u00bb. Con una \u00fanica tarifa plana de 20\u20ac podr\u00e1s disfrutar de toda la programaci\u00f3n, adem\u00e1s de apoyar al propio festival.<\/td><\/tr><tr><td><\/td><td>Programatutako 19 ikuskizunetik, hurrengoak EZ dira sarrera librekoak eta \u201cLABO Lagunak\u201d izan beher zara sartu ahal izateko. \u00b7 De los 19 espect\u00e1culos programados, los siguientes NO son de entrada libre y s\u00f3lo podr\u00e1s acceder con \u201cLABO Lagunak\u201d:<br><br>Julio Ruiz: Tocar a un hombre<br>Amahiru: Duzhe gaizki<br>Funa: Room 22<br>Ana Cotor\u00e9: Stage diving<br>Bilaka: Mitologia txikiak<br>Colectivo Glovo: Xen\u00e9rica<br>C\u00eda Traspasarte: M\u00e1xima Starr<\/td><\/tr><\/tbody><\/table><\/figure>\n\n\n\n<figure class=\"wp-block-image size-full\"><img loading=\"lazy\" decoding=\"async\" width=\"1500\" height=\"1064\" src=\"https:\/\/labo.eus\/wp-content\/uploads\/2023\/10\/LABOXL5-Egitaraua-3.png\" alt=\"\" class=\"wp-image-6516\" srcset=\"https:\/\/labo.eus\/wp-content\/uploads\/2023\/10\/LABOXL5-Egitaraua-3.png 1500w, https:\/\/labo.eus\/wp-content\/uploads\/2023\/10\/LABOXL5-Egitaraua-3-300x213.png 300w, https:\/\/labo.eus\/wp-content\/uploads\/2023\/10\/LABOXL5-Egitaraua-3-1024x726.png 1024w, https:\/\/labo.eus\/wp-content\/uploads\/2023\/10\/LABOXL5-Egitaraua-3-768x545.png 768w, https:\/\/labo.eus\/wp-content\/uploads\/2023\/10\/LABOXL5-Egitaraua-3-1080x766.png 1080w\" sizes=\"auto, (max-width: 1500px) 100vw, 1500px\" \/><\/figure>\n","protected":false},"excerpt":{"rendered":"<p>LABO XL5 Sarrerak eta izen-emateak \u00b7 Entradas e inscripciones Ikuskizun gehienak eta jarduera guztiak doakoak dira. Sarrera librea izango da tokiak bete arte. La mayor\u00eda de los espect\u00e1culos y todas las actividades son gratuitos. La entrada ser\u00e1 libre hasta completar aforo. Aurten \u00abLABO Lagunak\u00bb ekimena jarri dugu martxan. 20 euroko tarifa finko bakar baten truke&hellip;<\/p>\n","protected":false},"author":2,"featured_media":0,"parent":0,"menu_order":0,"comment_status":"closed","ping_status":"closed","template":"","meta":{"footnotes":""},"class_list":["post-6409","page","type-page","status-publish","hentry"],"_links":{"self":[{"href":"https:\/\/labo.eus\/index.php?rest_route=\/wp\/v2\/pages\/6409","targetHints":{"allow":["GET"]}}],"collection":[{"href":"https:\/\/labo.eus\/index.php?rest_route=\/wp\/v2\/pages"}],"about":[{"href":"https:\/\/labo.eus\/index.php?rest_route=\/wp\/v2\/types\/page"}],"author":[{"embeddable":true,"href":"https:\/\/labo.eus\/index.php?rest_route=\/wp\/v2\/users\/2"}],"replies":[{"embeddable":true,"href":"https:\/\/labo.eus\/index.php?rest_route=%2Fwp%2Fv2%2Fcomments&post=6409"}],"version-history":[{"count":19,"href":"https:\/\/labo.eus\/index.php?rest_route=\/wp\/v2\/pages\/6409\/revisions"}],"predecessor-version":[{"id":6568,"href":"https:\/\/labo.eus\/index.php?rest_route=\/wp\/v2\/pages\/6409\/revisions\/6568"}],"wp:attachment":[{"href":"https:\/\/labo.eus\/index.php?rest_route=%2Fwp%2Fv2%2Fmedia&parent=6409"}],"curies":[{"name":"wp","href":"https:\/\/api.w.org\/{rel}","templated":true}]}}